{"id":15,"date":"2023-01-27T08:54:49","date_gmt":"2023-01-27T08:54:49","guid":{"rendered":"https:\/\/laudalskytterlag.no\/?page_id=15"},"modified":"2025-05-28T19:00:36","modified_gmt":"2025-05-28T19:00:36","slug":"home","status":"publish","type":"page","link":"https:\/\/laudalskytterlag.no\/","title":{"rendered":"Home"},"content":{"rendered":"\n<div class=\"wp-block-cover alignfull is-light has-medium-font-size\" style=\"min-height:700px;aspect-ratio:unset;\"><span aria-hidden=\"true\" class=\"wp-block-cover__background has-nv-site-bg-background-color has-background-dim-0 has-background-dim\"><\/span><img loading=\"lazy\" decoding=\"async\" width=\"640\" height=\"480\" class=\"wp-block-cover__image-background wp-image-37\" alt=\"\" src=\"http:\/\/laudalskytterlag.no\/wp-content\/uploads\/2023\/01\/IMG_2558.jpg\" style=\"object-position:54% 64%\" data-object-fit=\"cover\" data-object-position=\"54% 64%\" srcset=\"https:\/\/laudalskytterlag.no\/wp-content\/uploads\/2023\/01\/IMG_2558.jpg 640w, https:\/\/laudalskytterlag.no\/wp-content\/uploads\/2023\/01\/IMG_2558-300x225.jpg 300w\" sizes=\"auto, (max-width: 640px) 100vw, 640px\" \/><div class=\"wp-block-cover__inner-container is-layout-flow wp-block-cover-is-layout-flow\">\n<div style=\"height:80px\" aria-hidden=\"true\" class=\"wp-block-spacer\"><\/div>\n\n\n\n<h1 class=\"wp-block-heading has-text-align-center has-nv-light-bg-color has-text-color\">LAUDAL SKYTTERLAG<\/h1>\n\n\n\n<p class=\"has-text-align-center has-nv-light-bg-color has-text-color\" style=\"font-size:17px\">Velkommen til skytterlagets webside<\/p>\n\n\n\n<div class=\"wp-block-buttons is-content-justification-center is-layout-flex wp-container-core-buttons-is-layout-16018d1d wp-block-buttons-is-layout-flex\">\n<div class=\"wp-block-button is-style-primary\"><a class=\"wp-block-button__link wp-element-button\" href=\"https:\/\/laudalskytterlag.no\/?post_type=tribe_events\">Aktivitetskalender<\/a><\/div>\n<\/div>\n\n\n\n<div style=\"height:80px\" aria-hidden=\"true\" class=\"wp-block-spacer\"><\/div>\n\n\n\n<div style=\"height:80px\" aria-hidden=\"true\" class=\"wp-block-spacer\"><\/div>\n\n\n\n<p><\/p>\n<\/div><\/div>\n\n\n\n<div style=\"height:80px\" aria-hidden=\"true\" class=\"wp-block-spacer\"><\/div>\n\n\n\n<div class=\"wp-block-columns is-layout-flex wp-container-core-columns-is-layout-9d6595d7 wp-block-columns-is-layout-flex\">\n<div class=\"wp-block-column is-layout-flow wp-block-column-is-layout-flow\"><div class=\"wp-block-image icon-style is-style-default\">\n<figure class=\"aligncenter is-resized\"><img decoding=\"async\" src=\"https:\/\/laudalskytterlag.no\/wp-content\/themes\/neve\/assets\/img\/starter-content\/icon-03.svg\" alt=\"\" style=\"width:48px;height:48px\"\/><\/figure>\n<\/div>\n\n\n<h3 class=\"wp-block-heading has-text-align-center has-neve-text-color-color has-text-color\">Skytebane<\/h3>\n\n\n\n<p class=\"has-text-align-center\">V\u00e5r skytebane best\u00e5r av to standplasser p\u00e5 henholdsvis 100 og 200 meter med elektroniske skiver. <\/p>\n\n\n\n<div class=\"wp-block-buttons is-content-justification-center is-layout-flex wp-container-core-buttons-is-layout-16018d1d wp-block-buttons-is-layout-flex\">\n<div class=\"wp-block-button\"><a class=\"wp-block-button__link wp-element-button\">Les mer<\/a><\/div>\n<\/div>\n\n\n\n<div style=\"height:20px\" aria-hidden=\"true\" class=\"wp-block-spacer\"><\/div>\n<\/div>\n\n\n\n<div class=\"wp-block-column is-layout-flow wp-block-column-is-layout-flow\"><div class=\"wp-block-image icon-style is-style-default\">\n<figure class=\"aligncenter is-resized\"><img decoding=\"async\" src=\"https:\/\/laudalskytterlag.no\/wp-content\/themes\/neve\/assets\/img\/starter-content\/icon-02.svg\" alt=\"\" style=\"width:48px;height:48px\"\/><\/figure>\n<\/div>\n\n\n<h3 class=\"wp-block-heading has-text-align-center has-neve-text-color-color has-text-color\">Utleie<\/h3>\n\n\n\n<p class=\"has-text-align-center\">Det er mulig \u00e5 leie skytebanen og skytterhus med tilh\u00f8rende fasiliteter til private arrangementer. <\/p>\n\n\n\n<div class=\"wp-block-buttons is-content-justification-center is-layout-flex wp-container-core-buttons-is-layout-16018d1d wp-block-buttons-is-layout-flex\">\n<div class=\"wp-block-button\"><a class=\"wp-block-button__link wp-element-button\">Les mer<\/a><\/div>\n<\/div>\n\n\n\n<div style=\"height:20px\" aria-hidden=\"true\" class=\"wp-block-spacer\"><\/div>\n<\/div>\n\n\n\n<div class=\"wp-block-column is-layout-flow wp-block-column-is-layout-flow\"><div class=\"wp-block-image icon-style is-style-rounded\">\n<figure class=\"aligncenter is-resized\"><img decoding=\"async\" src=\"https:\/\/laudalskytterlag.no\/wp-content\/themes\/neve\/assets\/img\/starter-content\/icon-01.svg\" alt=\"\" style=\"width:48px;height:48px\"\/><\/figure>\n<\/div>\n\n\n<h3 class=\"wp-block-heading has-text-align-center has-neve-text-color-color has-text-color\">Terminliste<\/h3>\n\n\n\n<p class=\"has-text-align-center\">Terminlisten for hele DFS finner du her. Egne  arrangementer finner du ogs\u00e5 i v\u00e5r egen aktivitetskalender i toppmenyen. <\/p>\n\n\n\n<div class=\"wp-block-buttons is-content-justification-center is-layout-flex wp-container-core-buttons-is-layout-16018d1d wp-block-buttons-is-layout-flex\">\n<div class=\"wp-block-button\"><a class=\"wp-block-button__link wp-element-button\" href=\"http:\/\/laudalskytterlag.no\/wp-content\/uploads\/2024\/02\/Terminliste-2024.xlsx.pdf\">Les mer<\/a><\/div>\n<\/div>\n\n\n\n<div style=\"height:20px\" aria-hidden=\"true\" class=\"wp-block-spacer\"><\/div>\n<\/div>\n<\/div>\n\n\n\n<hr class=\"wp-block-separator has-alpha-channel-opacity\"\/>\n\n\n\n<div style=\"height:36px\" aria-hidden=\"true\" class=\"wp-block-spacer\"><\/div>\n\n\n\n<div class=\"wp-block-columns is-layout-flex wp-container-core-columns-is-layout-9d6595d7 wp-block-columns-is-layout-flex\">\n<div class=\"wp-block-column is-layout-flow wp-block-column-is-layout-flow\"><div class=\"wp-block-image\">\n<figure class=\"aligncenter size-full is-resized\"><img loading=\"lazy\" decoding=\"async\" width=\"300\" height=\"199\" src=\"http:\/\/laudalskytterlag.no\/wp-content\/uploads\/2023\/01\/tt_logo_web-300x199-2.png\" alt=\"\" class=\"wp-image-93\" style=\"width:262px;height:174px\"\/><\/figure>\n<\/div><\/div>\n\n\n\n<div class=\"wp-block-column is-layout-flow wp-block-column-is-layout-flow\"><div class=\"wp-block-image\">\n<figure class=\"aligncenter size-full\"><img loading=\"lazy\" decoding=\"async\" width=\"431\" height=\"103\" src=\"http:\/\/laudalskytterlag.no\/wp-content\/uploads\/2023\/01\/Sparebanken_sor_logo_A_cmyk.png\" alt=\"\" class=\"wp-image-60\" srcset=\"https:\/\/laudalskytterlag.no\/wp-content\/uploads\/2023\/01\/Sparebanken_sor_logo_A_cmyk.png 431w, https:\/\/laudalskytterlag.no\/wp-content\/uploads\/2023\/01\/Sparebanken_sor_logo_A_cmyk-300x72.png 300w\" sizes=\"auto, (max-width: 431px) 100vw, 431px\" \/><\/figure>\n<\/div><\/div>\n<\/div>\n\n\n<div  ><style id=\"sp_lcp_dynamic_css126\">div#logo-carousel-free-126.logo-carousel-free .sp-lc-logo{border: 1px solid #dddddd;}div#logo-carousel-free-126.logo-carousel-free .sp-lc-logo:hover{border-color: #16a08b;}#logo-carousel-free-126.sp-lc-container .sp-logo-carousel {padding-bottom: 46px;}#logo-carousel-free-126.sp-lc-container .sp-lc-pagination .swiper-pagination-bullet {background-color: #dddddd;margin: 0 4px;}#logo-carousel-free-126.sp-lc-container .sp-lc-pagination .swiper-pagination-bullet.swiper-pagination-bullet-active{background-color: #16a08b; }#logo-carousel-free-126.sp-lc-container .sp-logo-carousel {padding-top: 46px;}#logo-carousel-free-126.sp-lc-container .sp-lc-button-prev,#logo-carousel-free-126.sp-lc-container .sp-lc-button-next {color: #aaaaaa;background: transparent;border: 1px solid #aaaaaa;line-height: 28px;}#logo-carousel-free-126.sp-lc-container .sp-lc-button-prev:hover,#logo-carousel-free-126.sp-lc-container .sp-lc-button-next:hover{background-color: #16a08b;color: #ffffff;border-color: #16a08b;}@media only screen and (max-width: 576px) {} .logo-carousel-free-area#logo-carousel-free-126{position: relative;}#lcp-preloader-126{position: absolute;left: 0;top: 0;height: 100%;width: 100%;text-align: center;display: flex;align-items: center;justify-content: center;background: #fff;z-index: 9999;} .logo-carousel-free-area#logo-carousel-free-126 .sp-logo-carousel-section-title{margin-bottom: 30px;}@media screen and (min-width: 1200px ){.logo-carousel-free-area#logo-carousel-free-126 .sp-logo-carousel:not([class*=\"-initialized\"]) > .swiper-wrapper {display: flex;width: calc( 100% + 12px );}.logo-carousel-free-area#logo-carousel-free-126 .sp-logo-carousel:not([class*=\"-initialized\"]) > .swiper-wrapper > .swiper-slide {width: 20%;padding-right: 12px;}}<\/style><div id='logo-carousel-free-126' class=\"logo-carousel-free logo-carousel-free-area sp-lc-container\"><div id=\"lcp-preloader-126\" class=\"sp-logo-carousel-preloader\"><img decoding=\"async\" src=\"https:\/\/laudalskytterlag.no\/wp-content\/plugins\/logo-carousel-free\/admin\/assets\/images\/spinner.svg\" alt=\"loader-image\"\/><\/div><div id=\"sp-logo-carousel-id-126\" class=\"swiper-container sp-logo-carousel lcp-preloader\" dir=\"ltr\"  data-carousel='{ \"speed\":600,\"spaceBetween\": 12, \"autoplay\": true, \"infinite\":true, \"autoplay_speed\": 3000, \"stop_onHover\": true, \"pagination\": true, \"navigation\": true, \"MobileNav\": true, \"MobilePagi\": true, \"simulateTouch\": true,\"freeMode\": false, \"allowTouchMove\": true, \"slidesPerView\": { \"lg_desktop\": 5, \"desktop\": 4, \"tablet\": 3, \"mobile\": 1, \"mobile_landscape\": 2 } }' data-carousel-starts-onscreen=\"false\"><div class=\"swiper-wrapper\"><div class=\"swiper-slide\"><div class=\"sp-lc-logo\"><img loading=\"lazy\" decoding=\"async\" src=\"https:\/\/laudalskytterlag.no\/wp-content\/uploads\/2023\/01\/Logo-Vigeland-Bil-2048x819.png\" title=\"\" alt=\"Vigeland bil\" width=\"2048\" height=\"819\" class=\"sp-lc-image skip-lazy\"><\/div><\/div><div class=\"swiper-slide\"><div class=\"sp-lc-logo\"><img loading=\"lazy\" decoding=\"async\" src=\"https:\/\/laudalskytterlag.no\/wp-content\/uploads\/2023\/01\/Marnar-Bruk-Royal_logo_gronn.png\" title=\"\" alt=\"Marnarbruk\" width=\"214\" height=\"163\" class=\"sp-lc-image skip-lazy\"><\/div><\/div><div class=\"swiper-slide\"><div class=\"sp-lc-logo\"><img loading=\"lazy\" decoding=\"async\" src=\"https:\/\/laudalskytterlag.no\/wp-content\/uploads\/2023\/06\/invertert-transparent-700x700-1.png\" title=\"\" alt=\"Digiserv\" width=\"700\" height=\"700\" class=\"sp-lc-image skip-lazy\"><\/div><\/div><div class=\"swiper-slide\"><div class=\"sp-lc-logo\"><img loading=\"lazy\" decoding=\"async\" src=\"https:\/\/laudalskytterlag.no\/wp-content\/uploads\/2023\/06\/logo-Rolf-Tjomsas-pdf.jpg\" title=\"\" alt=\"Rolf Tjoms\u00e5s\" width=\"1497\" height=\"1058\" class=\"sp-lc-image skip-lazy\"><\/div><\/div><div class=\"swiper-slide\"><div class=\"sp-lc-logo\"><img loading=\"lazy\" decoding=\"async\" src=\"https:\/\/laudalskytterlag.no\/wp-content\/uploads\/2023\/06\/AG-Vigemyr.jpg\" title=\"\" alt=\"Vigemyr\" width=\"1722\" height=\"827\" class=\"sp-lc-image skip-lazy\"><\/div><\/div><div class=\"swiper-slide\"><div class=\"sp-lc-logo\"><img loading=\"lazy\" decoding=\"async\" src=\"https:\/\/laudalskytterlag.no\/wp-content\/uploads\/2023\/06\/Jaktkompanietlogo-vekt-cmyk-pdf.jpg\" title=\"\" alt=\"Jaktcompagniet\" width=\"272\" height=\"271\" class=\"sp-lc-image skip-lazy\"><\/div><\/div><div class=\"swiper-slide\"><div class=\"sp-lc-logo\"><img loading=\"lazy\" decoding=\"async\" src=\"https:\/\/laudalskytterlag.no\/wp-content\/uploads\/2023\/06\/hjortelands-pdf.jpg\" title=\"\" alt=\"Hjortelands\" width=\"1529\" height=\"435\" class=\"sp-lc-image skip-lazy\"><\/div><\/div><div class=\"swiper-slide\"><div class=\"sp-lc-logo\"><img loading=\"lazy\" decoding=\"async\" src=\"https:\/\/laudalskytterlag.no\/wp-content\/uploads\/2023\/06\/bua.png\" title=\"\" alt=\"Bua Landhandel\" width=\"738\" height=\"327\" class=\"sp-lc-image skip-lazy\"><\/div><\/div><div class=\"swiper-slide\"><div class=\"sp-lc-logo\"><img loading=\"lazy\" decoding=\"async\" src=\"https:\/\/laudalskytterlag.no\/wp-content\/uploads\/2024\/02\/Gunnar-jacobsen.png\" title=\"\" alt=\"Gunnar Jakobsen\" width=\"2000\" height=\"622\" class=\"sp-lc-image skip-lazy\"><\/div><\/div><div class=\"swiper-slide\"><div class=\"sp-lc-logo\"><img loading=\"lazy\" decoding=\"async\" src=\"https:\/\/laudalskytterlag.no\/wp-content\/uploads\/2024\/02\/KrsDamp_no.png\" title=\"\" alt=\"KrsDamp\" width=\"1169\" height=\"826\" class=\"sp-lc-image skip-lazy\"><\/div><\/div><div class=\"swiper-slide\"><div class=\"sp-lc-logo\"><img loading=\"lazy\" decoding=\"async\" src=\"https:\/\/laudalskytterlag.no\/wp-content\/uploads\/2024\/02\/Marnarbil.png\" title=\"\" alt=\"Marnarbil\" width=\"1169\" height=\"826\" class=\"sp-lc-image skip-lazy\"><\/div><\/div><div class=\"swiper-slide\"><div class=\"sp-lc-logo\"><img loading=\"lazy\" decoding=\"async\" src=\"https:\/\/laudalskytterlag.no\/wp-content\/uploads\/2024\/02\/wigemyr80x20.png\" title=\"\" alt=\"Wigemyr &#038; CO\" width=\"314\" height=\"78\" class=\"sp-lc-image skip-lazy\"><\/div><\/div><\/div><div class=\"sp-lc-pagination swiper-pagination dots\"><\/div><div class=\"sp-lc-button-next\"><i class=\"fa fa-angle-right\"><\/i><\/div><div class=\"sp-lc-button-prev\"><i class=\"fa fa-angle-left\"><\/i><\/div><\/div><\/div><\/div>\n\n\n<hr class=\"wp-block-separator has-alpha-channel-opacity\"\/>\n\n\n\n<div style=\"height:20px\" aria-hidden=\"true\" class=\"wp-block-spacer\"><\/div>\n\n\n\n<div class=\"wp-block-media-text is-stacked-on-mobile is-vertically-aligned-center\" style=\"grid-template-columns:15% auto\"><figure class=\"wp-block-media-text__media\"><img loading=\"lazy\" decoding=\"async\" width=\"342\" height=\"355\" src=\"http:\/\/laudalskytterlag.no\/wp-content\/uploads\/2023\/01\/ls-1.png\" alt=\"\" class=\"wp-image-56 size-full\" srcset=\"https:\/\/laudalskytterlag.no\/wp-content\/uploads\/2023\/01\/ls-1.png 342w, https:\/\/laudalskytterlag.no\/wp-content\/uploads\/2023\/01\/ls-1-289x300.png 289w\" sizes=\"auto, (max-width: 342px) 100vw, 342px\" \/><\/figure><div class=\"wp-block-media-text__content\">\n<p>Vi en en del av Det Frivillige Skyttervesen.<\/p>\n\n\n\n<div class=\"wp-block-buttons is-layout-flex wp-block-buttons-is-layout-flex\">\n<div class=\"wp-block-button\"><a class=\"wp-block-button__link wp-element-button\" href=\"https:\/\/mittdfs.no\/hovedside\/Skytterlagssider\/sorlandskretsen\/vest-agder\/laudal\/\">Les mer!<\/a><\/div>\n<\/div>\n<\/div><\/div>\n","protected":false},"excerpt":{"rendered":"<p>Skytebane V\u00e5r skytebane best\u00e5r av to standplasser p\u00e5 henholdsvis 100 og 200 meter med elektroniske skiver. Utleie Det er mulig \u00e5 leie skytebanen og skytterhus med tilh\u00f8rende fasiliteter til private&hellip;&nbsp;<a href=\"https:\/\/laudalskytterlag.no\/\" class=\"\" rel=\"bookmark\">Read More &raquo;<span class=\"screen-reader-text\">Home<\/span><\/a><\/p>\n","protected":false},"author":1,"featured_media":0,"parent":0,"menu_order":0,"comment_status":"closed","ping_status":"closed","template":"","meta":{"neve_meta_sidebar":"","neve_meta_container":"contained","neve_meta_enable_content_width":"on","neve_meta_content_width":100,"neve_meta_title_alignment":"","neve_meta_author_avatar":"","neve_post_elements_order":"","neve_meta_disable_header":"off","neve_meta_disable_footer":"on","neve_meta_disable_title":"on","footnotes":""},"class_list":["post-15","page","type-page","status-publish","hentry"],"_links":{"self":[{"href":"https:\/\/laudalskytterlag.no\/index.php?rest_route=\/wp\/v2\/pages\/15","targetHints":{"allow":["GET"]}}],"collection":[{"href":"https:\/\/laudalskytterlag.no\/index.php?rest_route=\/wp\/v2\/pages"}],"about":[{"href":"https:\/\/laudalskytterlag.no\/index.php?rest_route=\/wp\/v2\/types\/page"}],"author":[{"embeddable":true,"href":"https:\/\/laudalskytterlag.no\/index.php?rest_route=\/wp\/v2\/users\/1"}],"replies":[{"embeddable":true,"href":"https:\/\/laudalskytterlag.no\/index.php?rest_route=%2Fwp%2Fv2%2Fcomments&post=15"}],"version-history":[{"count":48,"href":"https:\/\/laudalskytterlag.no\/index.php?rest_route=\/wp\/v2\/pages\/15\/revisions"}],"predecessor-version":[{"id":257,"href":"https:\/\/laudalskytterlag.no\/index.php?rest_route=\/wp\/v2\/pages\/15\/revisions\/257"}],"wp:attachment":[{"href":"https:\/\/laudalskytterlag.no\/index.php?rest_route=%2Fwp%2Fv2%2Fmedia&parent=15"}],"curies":[{"name":"wp","href":"https:\/\/api.w.org\/{rel}","templated":true}]}}